{"id":231,"date":"2015-06-01T16:15:05","date_gmt":"2015-06-01T14:15:05","guid":{"rendered":"http:\/\/hanshocke.de\/wp\/?page_id=231"},"modified":"2018-05-23T11:25:17","modified_gmt":"2018-05-23T09:25:17","slug":"impressum","status":"publish","type":"page","link":"https:\/\/www.futurepace.de\/en\/impressum\/","title":{"rendered":"Legal Notice"},"content":{"rendered":"<div class=\"wpb-content-wrapper\"><p>[vc_row][vc_column][vc_column_text]<\/p>\n<h2>Angaben gem\u00e4\u00df \u00a7 5 TMG:<\/h2>\n<p>Futurepace Consulting GmbH<br \/>\nB\u00fcrglestra\u00dfe 19<br \/>\n78262 Gailingen am Hochrhein<\/p>\n<h2><strong>Vertreten durch:<\/strong><\/h2>\n<p>Christine Schauer<\/p>\n<h2>Kontakt:<\/h2>\n<p>Telefon: +493381804292<br \/>\nTelefax: +493381804293<br \/>\nE-Mail: <a href=\"mailto:info@futurepace.de\">info@futurepace.de<\/a><\/p>\n<h3>Registereintrag:<\/h3>\n<p>Eintragung im Handelsregister.<br \/>\nRegistergericht: Freiburg<br \/>\nRegisternummer: HRB 717792<\/p>\n<h3>Umsatzsteuer-ID:<\/h3>\n<p>Umsatzsteuer-Identifikationsnummer gem\u00e4\u00df \u00a727 a Umsatzsteuergesetz:<br \/>\nDE 200430554<\/p>\n<h3>Quellenangaben f\u00fcr die verwendeten Bilder und Grafiken:<\/h3>\n<p>Foto Plakias: Dimitris Siaflekis<br \/>\nWolfgang Detemple<br \/>\n<a href=\"https:\/\/www.wolfgangdetemple.com\" target=\"_blank\" rel=\"noopener\">www.wolfgangdetemple.com<\/a><br \/>\nFotolia<br \/>\n<a href=\"https:\/\/www.fotolia.com\" target=\"_blank\" rel=\"noopener\">www.fotolia.com<\/a>[\/vc_column_text][vc_row_inner][vc_column_inner][vc_column_text]<\/p>\n<h2><strong>Haftungsausschluss (Disclaimer)<\/strong><\/h2>\n<h3><strong>Haftung f\u00fcr Inhalte<\/strong><\/h3>\n<p>Als Diensteanbieter sind wir gem\u00e4\u00df \u00a7 7 Abs.1 TMG f\u00fcr eigene Inhalte auf diesen Seiten nach den allgemeinen Gesetzen verantwortlich. Nach \u00a7\u00a7 8 bis 10 TMG sind wir als Diensteanbieter jedoch nicht verpflichtet, \u00fcbermittelte oder gespeicherte fremde Informationen zu \u00fcberwachen oder nach Umst\u00e4nden zu forschen, die auf eine rechtswidrige T\u00e4tigkeit hinweisen. Verpflichtungen zur Entfernung oder Sperrung der zutzung von Informationen nach den allgemeinen Gesetzen bleiben hiervon unber\u00fchrt. Eine diesbez\u00fcgliche Haftung ist jedoch erst ab dem Zeitpunkt der Kenntnis einer konkreten Rechtsverletzung m\u00f6glich. Bei Bekanntwerden von entsprechenden Rechtsverletzungen werden wir diese Inhalte umgehend entfernen.<\/p>\n<h3><strong>Haftung f\u00fcr Links<\/strong><\/h3>\n<p>Unser Angebot enth\u00e4lt Links zu externen Webseiten Dritter, auf deren Inhalte wir keinen Einfluss haben. Deshalb k\u00f6nnen wir f\u00fcr diese fremden Inhalte auch keine Gew\u00e4hr \u00fcbernehmen. F\u00fcr die Inhalte der verlinkten Seiten ist stets der jeweilige Anbieter oder Betreiber der Seiten verantwortlich. Die verlinkten Seiten wurden zum Zeitpunkt der Verlinkung auf m\u00f6gliche Rechtsverst\u00f6\u00dfe \u00fcberpr\u00fcft. Rechtswidrige Inhalte waren zum Zeitpunkt der Verlinkung nicht erkennbar. Eine permanente inhaltliche Kontrolle der verlinkten Seiten ist jedoch ohne konkrete Anhaltspunkte einer Rechtsverletzung nicht zumutbar. Bei Bekanntwerden von Rechtsverletzungen werden wir derartige Links umgehend entfernen.<\/p>\n<h3><strong>Urheberrecht<\/strong><\/h3>\n<p>Die durch die Seitenbetreiber erstellten Inhalte und Werke auf diesen Seiten unterliegen dem deutschen Urheberrecht. Die Vervielf\u00e4ltigung, Bearbeitung, Verbreitung und jede Art der Verwertung au\u00dferhalb der Grenzen des Urheberrechtes bed\u00fcrfen der schriftlichen Zustimmung des jeweiligen Autors bzw. Erstellers. Downloads und Kopien dieser Seite sind nur f\u00fcr den privaten, nicht kommerziellen Gebrauch gestattet. Soweit die Inhalte auf dieser Seite nicht vom Betreiber erstellt wurden, werden die Urheberrechte Dritter beachtet. Insbesondere werden Inhalte Dritter als solche gekennzeichnet. Sollten Sie trotzdem auf eine Urheberrechtsverletzung aufmerksam werden, bitten wir um einen entsprechenden Hinweis. Bei Bekanntwerden von Rechtsverletzungen werden wir derartige Inhalte umgehend entfernen.[\/vc_column_text][\/vc_column_inner][\/vc_row_inner][\/vc_column][\/vc_row]<\/p>\n<\/div>","protected":false},"excerpt":{"rendered":"<p>[vc_row][vc_column][vc_column_text] Angaben gem\u00e4\u00df \u00a7 5 TMG: Futurepace Consulting GmbH B\u00fcrglestra\u00dfe 19 78262 Gailingen am Hochrhein Vertreten durch: Christine Schauer Kontakt: Telefon: +493381804292 Telefax: +493381804293 E-Mail: info@futurepace.de Registereintrag: Eintragung im Handelsregister. Registergericht: Freiburg Registernummer: HRB 717792 Umsatzsteuer-ID: Umsatzsteuer-Identifikationsnummer gem\u00e4\u00df \u00a727 a Umsatzsteuergesetz: DE 200430554 Quellenangaben f\u00fcr die verwendeten Bilder und Grafiken: Foto Plakias: Dimitris Siaflekis Wolfgang &hellip; <\/p>\n<p class=\"link-more\"><a href=\"https:\/\/www.futurepace.de\/en\/impressum\/\" class=\"more-link\">Continue reading<span class=\"screen-reader-text\"> &#8220;Legal Notice&#8221;<\/span><\/a><\/p>\n","protected":false},"author":4,"featured_media":241,"parent":0,"menu_order":90,"comment_status":"closed","ping_status":"closed","template":"","meta":{"_acf_changed":false,"footnotes":""},"categories":[],"tags":[],"class_list":["post-231","page","type-page","status-publish","has-post-thumbnail","hentry","entry"],"acf":[],"yoast_head":"<!-- This site is optimized with the Yoast SEO plugin v27.4 - https:\/\/yoast.com\/product\/yoast-seo-wordpress\/ -->\n<title>Legal Notice - Futurepace<\/title>\n<meta name=\"robots\" content=\"index, follow, max-snippet:-1, max-image-preview:large, max-video-preview:-1\" \/>\n<link rel=\"canonical\" href=\"https:\/\/www.futurepace.de\/en\/impressum\/\" \/>\n<meta property=\"og:locale\" content=\"en_US\" \/>\n<meta property=\"og:type\" content=\"article\" \/>\n<meta property=\"og:title\" content=\"[:de]Impressum[:en]Legal Notice[:] - Futurepace\" \/>\n<meta property=\"og:description\" content=\"[vc_row][vc_column][vc_column_text] Angaben gem\u00e4\u00df \u00a7 5 TMG: Futurepace Consulting GmbH B\u00fcrglestra\u00dfe 19 78262 Gailingen am Hochrhein Vertreten durch: Christine Schauer Kontakt: Telefon: +493381804292 Telefax: +493381804293 E-Mail: info@futurepace.de Registereintrag: Eintragung im Handelsregister. Registergericht: Freiburg Registernummer: HRB 717792 Umsatzsteuer-ID: Umsatzsteuer-Identifikationsnummer gem\u00e4\u00df \u00a727 a Umsatzsteuergesetz: DE 200430554 Quellenangaben f\u00fcr die verwendeten Bilder und Grafiken: Foto Plakias: Dimitris Siaflekis Wolfgang &hellip; Continue reading &quot;Legal Notice&quot;\" \/>\n<meta property=\"og:url\" content=\"https:\/\/www.futurepace.de\/en\/impressum\/\" \/>\n<meta property=\"og:site_name\" content=\"Futurepace\" \/>\n<meta property=\"article:modified_time\" content=\"2018-05-23T09:25:17+00:00\" \/>\n<meta property=\"og:image\" content=\"https:\/\/www.futurepace.de\/wp-content\/uploads\/2015\/06\/011.jpg\" \/>\n\t<meta property=\"og:image:width\" content=\"1068\" \/>\n\t<meta property=\"og:image:height\" content=\"800\" \/>\n\t<meta property=\"og:image:type\" content=\"image\/jpeg\" \/>\n<meta name=\"twitter:card\" content=\"summary_large_image\" \/>\n<meta name=\"twitter:label1\" content=\"Est. reading time\" \/>\n\t<meta name=\"twitter:data1\" content=\"2 minutes\" \/>\n<script type=\"application\/ld+json\" class=\"yoast-schema-graph\">{\"@context\":\"https:\\\/\\\/schema.org\",\"@graph\":[{\"@type\":\"WebPage\",\"@id\":\"https:\\\/\\\/www.futurepace.de\\\/en\\\/impressum\\\/\",\"url\":\"https:\\\/\\\/www.futurepace.de\\\/en\\\/impressum\\\/\",\"name\":\"[:de]Impressum[:en]Legal Notice[:] - Futurepace\",\"isPartOf\":{\"@id\":\"https:\\\/\\\/www.futurepace.de\\\/#website\"},\"primaryImageOfPage\":{\"@id\":\"https:\\\/\\\/www.futurepace.de\\\/en\\\/impressum\\\/#primaryimage\"},\"image\":{\"@id\":\"https:\\\/\\\/www.futurepace.de\\\/en\\\/impressum\\\/#primaryimage\"},\"thumbnailUrl\":\"https:\\\/\\\/www.futurepace.de\\\/wp-content\\\/uploads\\\/2015\\\/06\\\/011.jpg\",\"datePublished\":\"2015-06-01T14:15:05+00:00\",\"dateModified\":\"2018-05-23T09:25:17+00:00\",\"breadcrumb\":{\"@id\":\"https:\\\/\\\/www.futurepace.de\\\/en\\\/impressum\\\/#breadcrumb\"},\"inLanguage\":\"en-US\",\"potentialAction\":[{\"@type\":\"ReadAction\",\"target\":[\"https:\\\/\\\/www.futurepace.de\\\/en\\\/impressum\\\/\"]}]},{\"@type\":\"ImageObject\",\"inLanguage\":\"en-US\",\"@id\":\"https:\\\/\\\/www.futurepace.de\\\/en\\\/impressum\\\/#primaryimage\",\"url\":\"https:\\\/\\\/www.futurepace.de\\\/wp-content\\\/uploads\\\/2015\\\/06\\\/011.jpg\",\"contentUrl\":\"https:\\\/\\\/www.futurepace.de\\\/wp-content\\\/uploads\\\/2015\\\/06\\\/011.jpg\",\"width\":1068,\"height\":800},{\"@type\":\"BreadcrumbList\",\"@id\":\"https:\\\/\\\/www.futurepace.de\\\/en\\\/impressum\\\/#breadcrumb\",\"itemListElement\":[{\"@type\":\"ListItem\",\"position\":1,\"name\":\"Startseite\",\"item\":\"https:\\\/\\\/www.futurepace.de\\\/\"},{\"@type\":\"ListItem\",\"position\":2,\"name\":\"Legal Notice\"}]},{\"@type\":\"WebSite\",\"@id\":\"https:\\\/\\\/www.futurepace.de\\\/#website\",\"url\":\"https:\\\/\\\/www.futurepace.de\\\/\",\"name\":\"Futurepace\",\"description\":\"Consulting GmbH\",\"potentialAction\":[{\"@type\":\"SearchAction\",\"target\":{\"@type\":\"EntryPoint\",\"urlTemplate\":\"https:\\\/\\\/www.futurepace.de\\\/?s={search_term_string}\"},\"query-input\":{\"@type\":\"PropertyValueSpecification\",\"valueRequired\":true,\"valueName\":\"search_term_string\"}}],\"inLanguage\":\"en-US\"}]}<\/script>\n<!-- \/ Yoast SEO plugin. -->","yoast_head_json":{"title":"[:de]Impressum[:en]Legal Notice[:] - Futurepace","robots":{"index":"index","follow":"follow","max-snippet":"max-snippet:-1","max-image-preview":"max-image-preview:large","max-video-preview":"max-video-preview:-1"},"canonical":"https:\/\/www.futurepace.de\/en\/impressum\/","og_locale":"en_US","og_type":"article","og_title":"[:de]Impressum[:en]Legal Notice[:] - Futurepace","og_description":"[vc_row][vc_column][vc_column_text] Angaben gem\u00e4\u00df \u00a7 5 TMG: Futurepace Consulting GmbH B\u00fcrglestra\u00dfe 19 78262 Gailingen am Hochrhein Vertreten durch: Christine Schauer Kontakt: Telefon: +493381804292 Telefax: +493381804293 E-Mail: info@futurepace.de Registereintrag: Eintragung im Handelsregister. Registergericht: Freiburg Registernummer: HRB 717792 Umsatzsteuer-ID: Umsatzsteuer-Identifikationsnummer gem\u00e4\u00df \u00a727 a Umsatzsteuergesetz: DE 200430554 Quellenangaben f\u00fcr die verwendeten Bilder und Grafiken: Foto Plakias: Dimitris Siaflekis Wolfgang &hellip; Continue reading \"Legal Notice\"","og_url":"https:\/\/www.futurepace.de\/en\/impressum\/","og_site_name":"Futurepace","article_modified_time":"2018-05-23T09:25:17+00:00","og_image":[{"width":1068,"height":800,"url":"https:\/\/www.futurepace.de\/wp-content\/uploads\/2015\/06\/011.jpg","type":"image\/jpeg"}],"twitter_card":"summary_large_image","twitter_misc":{"Est. reading time":"2 minutes"},"schema":{"@context":"https:\/\/schema.org","@graph":[{"@type":"WebPage","@id":"https:\/\/www.futurepace.de\/en\/impressum\/","url":"https:\/\/www.futurepace.de\/en\/impressum\/","name":"[:de]Impressum[:en]Legal Notice[:] - Futurepace","isPartOf":{"@id":"https:\/\/www.futurepace.de\/#website"},"primaryImageOfPage":{"@id":"https:\/\/www.futurepace.de\/en\/impressum\/#primaryimage"},"image":{"@id":"https:\/\/www.futurepace.de\/en\/impressum\/#primaryimage"},"thumbnailUrl":"https:\/\/www.futurepace.de\/wp-content\/uploads\/2015\/06\/011.jpg","datePublished":"2015-06-01T14:15:05+00:00","dateModified":"2018-05-23T09:25:17+00:00","breadcrumb":{"@id":"https:\/\/www.futurepace.de\/en\/impressum\/#breadcrumb"},"inLanguage":"en-US","potentialAction":[{"@type":"ReadAction","target":["https:\/\/www.futurepace.de\/en\/impressum\/"]}]},{"@type":"ImageObject","inLanguage":"en-US","@id":"https:\/\/www.futurepace.de\/en\/impressum\/#primaryimage","url":"https:\/\/www.futurepace.de\/wp-content\/uploads\/2015\/06\/011.jpg","contentUrl":"https:\/\/www.futurepace.de\/wp-content\/uploads\/2015\/06\/011.jpg","width":1068,"height":800},{"@type":"BreadcrumbList","@id":"https:\/\/www.futurepace.de\/en\/impressum\/#breadcrumb","itemListElement":[{"@type":"ListItem","position":1,"name":"Startseite","item":"https:\/\/www.futurepace.de\/"},{"@type":"ListItem","position":2,"name":"Legal Notice"}]},{"@type":"WebSite","@id":"https:\/\/www.futurepace.de\/#website","url":"https:\/\/www.futurepace.de\/","name":"Futurepace","description":"Consulting GmbH","potentialAction":[{"@type":"SearchAction","target":{"@type":"EntryPoint","urlTemplate":"https:\/\/www.futurepace.de\/?s={search_term_string}"},"query-input":{"@type":"PropertyValueSpecification","valueRequired":true,"valueName":"search_term_string"}}],"inLanguage":"en-US"}]}},"_links":{"self":[{"href":"https:\/\/www.futurepace.de\/en\/wp-json\/wp\/v2\/pages\/231","targetHints":{"allow":["GET"]}}],"collection":[{"href":"https:\/\/www.futurepace.de\/en\/wp-json\/wp\/v2\/pages"}],"about":[{"href":"https:\/\/www.futurepace.de\/en\/wp-json\/wp\/v2\/types\/page"}],"author":[{"embeddable":true,"href":"https:\/\/www.futurepace.de\/en\/wp-json\/wp\/v2\/users\/4"}],"replies":[{"embeddable":true,"href":"https:\/\/www.futurepace.de\/en\/wp-json\/wp\/v2\/comments?post=231"}],"version-history":[{"count":0,"href":"https:\/\/www.futurepace.de\/en\/wp-json\/wp\/v2\/pages\/231\/revisions"}],"wp:featuredmedia":[{"embeddable":true,"href":"https:\/\/www.futurepace.de\/en\/wp-json\/wp\/v2\/media\/241"}],"wp:attachment":[{"href":"https:\/\/www.futurepace.de\/en\/wp-json\/wp\/v2\/media?parent=231"}],"wp:term":[{"taxonomy":"category","embeddable":true,"href":"https:\/\/www.futurepace.de\/en\/wp-json\/wp\/v2\/categories?post=231"},{"taxonomy":"post_tag","embeddable":true,"href":"https:\/\/www.futurepace.de\/en\/wp-json\/wp\/v2\/tags?post=231"}],"curies":[{"name":"wp","href":"https:\/\/api.w.org\/{rel}","templated":true}]}}