{"id":921,"date":"2015-09-07T16:21:01","date_gmt":"2015-09-07T14:21:01","guid":{"rendered":"http:\/\/www.futurepace.de\/wp\/?page_id=921"},"modified":"2019-07-09T21:33:09","modified_gmt":"2019-07-09T19:33:09","slug":"team","status":"publish","type":"page","link":"https:\/\/www.futurepace.de\/en\/ueber-uns\/team\/","title":{"rendered":"Consultant Network"},"content":{"rendered":"<div class=\"wpb-content-wrapper\"><p>[vc_row][vc_column width=&#8221;1\/6&#8243;][vc_single_image image=&#8221;1723&#8243; img_size=&#8221;145&#215;185&#8243; onclick=&#8221;link_image&#8221;][\/vc_column][vc_column width=&#8221;5\/6&#8243;][vc_column_text css=&#8221;.vc_custom_1547678958275{margin-left: -5px !important;border-left-width: 3px !important;padding-left: 15px !important;border-left-color: #0488dd !important;border-left-style: solid !important;}&#8221;]<\/p>\n<h3>Christine Schauer<\/h3>\n<p>E-Mail: <a href=\"mailto:c.schauer@futurepace.de\">c.schauer@futurepace.de<\/a><\/p>\n<p>Owner and managing director of Futurepace Consulting GmbH<\/p>\n<p>MA in social pedagogy, communications coach, Management 3.0 coach, SCUM-Master, practitioner trainer and practitioner coach (DVNLP, DFC, Pro-C Association), TQM coach, EFQM assessor, Insights MDI consultant status.[\/vc_column_text][vc_column_text el_class=&#8221;bu&#8221;]Languages: German, English<br \/>\nTrainer and consultant for 15 years, lives in Zurich[\/vc_column_text][\/vc_column][\/vc_row][vc_row][vc_column width=&#8221;1\/6&#8243;][vc_single_image image=&#8221;1443&#8243; img_size=&#8221;145&#215;185&#8243;][\/vc_column][vc_column width=&#8221;5\/6&#8243;][vc_column_text css=&#8221;.vc_custom_1457703795465{margin-left: -5px !important;border-left-width: 3px !important;padding-left: 15px !important;border-left-color: #0488dd !important;border-left-style: solid !important;}&#8221;]<\/p>\n<h3><strong>Ren\u00e9 Wirz<\/strong><\/h3>\n<p>E-Mail: <a href=\"mailto:rene.wirz@futurepace.ch\">rene.wirz@futurepace.ch<br \/>\n<\/a><\/p>\n<p>More than 25 years of management experience at all hierarchy levels and a specialist in operative HR leadership.<\/p>\n<p>Postgraduate qualification in leadership &amp; management. Contact person for SMEs in organizational and HR development. Also supports in operational management.[\/vc_column_text][vc_column_text el_class=&#8221;bu&#8221;]Lives in Luzern[\/vc_column_text][\/vc_column][\/vc_row][vc_row][vc_column width=&#8221;1\/6&#8243;][vc_single_image image=&#8221;1439&#8243; img_size=&#8221;145&#215;185&#8243;][\/vc_column][vc_column width=&#8221;5\/6&#8243;][vc_column_text css=&#8221;.vc_custom_1457704101589{margin-left: -5px !important;border-left-width: 3px !important;padding-left: 15px !important;border-left-color: #0488dd !important;border-left-style: solid !important;}&#8221;]<\/p>\n<h3><strong>Jeannine Born<\/strong><\/h3>\n<p>E-Mail:\u00a0<a href=\"mailto:j.born@futurepace.ch\">j.born@futurepace.ch<\/a><\/p>\n<p>Psychologist, psychotherapist and coach, MBSR teacher \u2013 mindfulness based stress reduction.<\/p>\n<p>Works with individuals and groups.\u00a0Systemic team and OD development<br \/>\nFocuses: identity, leadership, mindfulness, life balance \/ burnout \/ depression[\/vc_column_text][vc_column_text el_class=&#8221;bu&#8221;]Languages: German, English<br \/>\nLives near Z\u00fcrich[\/vc_column_text][\/vc_column][\/vc_row][vc_row][vc_column width=&#8221;1\/6&#8243;][vc_single_image image=&#8221;1619&#8243; img_size=&#8221;145&#215;185&#8243; onclick=&#8221;link_image&#8221;][\/vc_column][vc_column width=&#8221;5\/6&#8243;][vc_column_text css=&#8221;.vc_custom_1457971357240{margin-left: -5px !important;border-left-width: 3px !important;padding-left: 15px !important;border-left-color: #0488dd !important;border-left-style: solid !important;}&#8221;]<\/p>\n<h3>Beat Stirnimann<\/h3>\n<p>E-Mail: <a href=\"mailto:beat.stirnimann@futurepace.ch\">beat.stirnimann@futurepace.ch<\/a><\/p>\n<p>Psychologist, Career consultant, MA Community Development, Trainer<\/p>\n<p>Works for more than 25 years as Career Counsellor for the city of Zurich<br \/>\nDevelopment of psychometric diagnostic tests, author (NST Neueichung, Hogrefe Verlag Bern)<br \/>\nCurrently: Development and publishing of LIP (Leisure-Interest-Profile)<br \/>\nEducational Workshops[\/vc_column_text][vc_column_text el_class=&#8221;bu&#8221;]Lives in Zurich[\/vc_column_text][\/vc_column][\/vc_row][vc_row][vc_column width=&#8221;1\/6&#8243;][vc_single_image image=&#8221;1807&#8243; img_size=&#8221;145&#215;185&#8243; onclick=&#8221;link_image&#8221;][\/vc_column][vc_column width=&#8221;5\/6&#8243;][vc_column_text css=&#8221;.vc_custom_1554733982519{margin-left: -5px !important;border-left-width: 3px !important;padding-left: 15px !important;border-left-color: #0488dd !important;border-left-style: solid !important;}&#8221;]<\/p>\n<h3>Gunhild Blankenstein<\/h3>\n<p>E-Mail: <a href=\"mailto:g.blankenstein@futurepace.de\">g.blankenstein@futurepace.de<\/a><\/p>\n<p>Dipl. Volkswirtin, MBA, Systemische Beraterin, Team-und Business-Coach, NLP-Practitioner, Trainerin<\/p>\n<p>Langj\u00e4hrige Erfahrung in verschiedenen Management- und F\u00fchrungsebenen. Beratungsschwerpunkte: Personalmanagement (Personalauswahl -entwicklung, Diagnostik, Nachfolgeregelungen), operative und strategische Themenbereiche vertriebsnaher Dienstleistungen, Vertrieb, Coaching[\/vc_column_text][vc_column_text el_class=&#8221;bu&#8221;]Sprachen: deutsch<br \/>\nLives in Berlin\/ Brandenburg[\/vc_column_text][\/vc_column][\/vc_row][vc_row][vc_column width=&#8221;1\/6&#8243;][vc_single_image image=&#8221;1808&#8243; img_size=&#8221;145&#215;185&#8243; onclick=&#8221;link_image&#8221;][\/vc_column][vc_column width=&#8221;5\/6&#8243;][vc_column_text css=&#8221;.vc_custom_1554734006756{margin-left: -5px !important;border-left-width: 3px !important;padding-left: 15px !important;border-left-color: #0488dd !important;border-left-style: solid !important;}&#8221;]<\/p>\n<h3>Lukas Szybowski<\/h3>\n<p>E-Mail: <a href=\"mailto:l.szybowski@futurepace.de\">l.szybowski@futurepace.de<\/a><\/p>\n<p>Teakwondo-Weltmeister, Trainer, Speaker, Gesundheitscoach &amp; Outdoortrainer, Yogalehrer<\/p>\n<p>Schwerpunkte: Gesundheitsmanagement, Resilienz, Ver\u00e4nderungsmotivation, Mentaltraining, Teambuilding, Team-Events, Gro\u00dfgruppen-Moderation, Bogenschie\u00dfen[\/vc_column_text][vc_column_text el_class=&#8221;bu&#8221;]Lives in Zurich[\/vc_column_text][\/vc_column][\/vc_row][vc_row][vc_column width=&#8221;1\/6&#8243;][vc_single_image image=&#8221;1470&#8243; img_size=&#8221;145&#215;185&#8243; onclick=&#8221;link_image&#8221;][\/vc_column][vc_column width=&#8221;5\/6&#8243;][vc_column_text css=&#8221;.vc_custom_1457704618057{margin-left: -5px !important;border-left-width: 3px !important;padding-left: 15px !important;border-left-color: #0488dd !important;border-left-style: solid !important;}&#8221;]<\/p>\n<h3><strong>Stefan Lammers<\/strong><\/h3>\n<p>E-Mail: <a href=\"mailto:s.lammers@futurepace.de\">s.lammers@futurepace.de<\/a><\/p>\n<p>Executive coach UC Berkeley, team coach of the Academy of Executive Coaching London, systemic organizational consultant, sports mental coach and Chinese REN coach<\/p>\n<p>Specialist in leadership, OE, sales development, workshop facilitation, lecturer at the Frankfurt School of Finance &amp; Management[\/vc_column_text][vc_column_text el_class=&#8221;bu&#8221;]Lives in D\u00fcsseldorf Brandenburg[\/vc_column_text][\/vc_column][\/vc_row][vc_row][vc_column width=&#8221;1\/6&#8243;][vc_single_image image=&#8221;1468&#8243; img_size=&#8221;145&#215;185&#8243; onclick=&#8221;link_image&#8221;][\/vc_column][vc_column width=&#8221;5\/6&#8243;][vc_column_text css=&#8221;.vc_custom_1457704628512{margin-left: -5px !important;border-left-width: 3px !important;padding-left: 15px !important;border-left-color: #0488dd !important;border-left-style: solid !important;}&#8221;]<\/p>\n<h3><strong>Miriam Kost<\/strong><\/h3>\n<p>E-Mail: <a href=\"mailto:m.kost@futurepace.ch\">m.kost@futurepace.ch<\/a><\/p>\n<p>Master\u2019s in Business Administration, federally certified instructor and PSI competence consultant.<\/p>\n<p>Generalist with extensive experience in the fields of management, leadership and training. Focus: Guiding and managing projects, interim management, coaching of individuals and teams according to the PSI and Zurich resources methods.[\/vc_column_text][vc_column_text el_class=&#8221;bu&#8221;]Languages: English, German, French and Italian<br \/>\nLives in Lucerne[\/vc_column_text][\/vc_column][\/vc_row][vc_row][vc_column width=&#8221;1\/6&#8243;][vc_single_image image=&#8221;1466&#8243; img_size=&#8221;145&#215;185&#8243; onclick=&#8221;link_image&#8221;][\/vc_column][vc_column width=&#8221;5\/6&#8243;][vc_column_text css=&#8221;.vc_custom_1457704329518{margin-left: -5px !important;border-left-width: 3px !important;padding-left: 15px !important;border-left-color: #0488dd !important;border-left-style: solid !important;}&#8221;]<\/p>\n<h3><strong>Bj\u00f6rn von Busch<\/strong><\/h3>\n<p>E-Mail: <a href=\"mailto:b.vonbusch@futurepace.de\">b.vonbusch@futurepace.de<\/a><\/p>\n<p>Studied education and psychology.<\/p>\n<p>Trainer, team and business coach,<br \/>\nNLP Practitioner DVNLP, mediator.[\/vc_column_text][vc_column_text el_class=&#8221;bu&#8221;]Languages: English, German, Italian<br \/>\nLives in Berlin[\/vc_column_text][\/vc_column][\/vc_row][vc_row][vc_column width=&#8221;1\/6&#8243;][vc_single_image image=&#8221;1441&#8243; img_size=&#8221;145&#215;185&#8243;][\/vc_column][vc_column width=&#8221;5\/6&#8243;][vc_column_text css=&#8221;.vc_custom_1457704416999{margin-left: -5px !important;border-left-width: 3px !important;padding-left: 15px !important;border-left-color: #0488dd !important;border-left-style: solid !important;}&#8221;]<\/p>\n<h3><strong>Penny Motley<br \/>\n<\/strong><\/h3>\n<p>E-Mail: <a href=\"mailto:p.motley@futurepace.de\">p.motley@futurepace.de<\/a><\/p>\n<p>Degree in Psychology (University of London), coach, specialist in intercultural team development<\/p>\n<p>International skills trainer, &#8220;Developing People Internationally&#8221; facilitator, training in &#8220;Nonviolent Communication&#8221; by Marshall Rosenberg, NLP Practitioner DVNLP, business coach, Insights MDI consultant[\/vc_column_text][vc_column_text el_class=&#8221;bu&#8221;]Languages: English, German, Italian, French<br \/>\nBorn and raised in England, lives in Berlin[\/vc_column_text][\/vc_column][\/vc_row][vc_row][vc_column width=&#8221;1\/6&#8243;][vc_single_image image=&#8221;1465&#8243; img_size=&#8221;145&#215;185&#8243; onclick=&#8221;link_image&#8221;][\/vc_column][vc_column width=&#8221;5\/6&#8243;][vc_column_text css=&#8221;.vc_custom_1457704459007{margin-left: -5px !important;border-left-width: 3px !important;padding-left: 15px !important;border-left-color: #0488dd !important;border-left-style: solid !important;}&#8221;]<\/p>\n<h3><strong>Dr. Bj\u00f6rn Migge<\/strong><\/h3>\n<p>E-Mail: <a href=\"mailto:b.migge@futurepace.de\">b.migge@futurepace.de<\/a><\/p>\n<p>Former senior physician at the University Hospital Zurich, practitioner trainer and practitioner coach, author of several coaching textbooks for the publisher Beltz Verlag.<\/p>\n<p>Focuses: Schema coaching, hypno-coaching and psychodrama, senior coach at the German Federal Association of Coaching DBVC. Founder of Quality Ring Coaching QRC and the German Coaching Association DFC.[\/vc_column_text][vc_column_text el_class=&#8221;bu&#8221;]Lives in Porta Westfalica[\/vc_column_text][\/vc_column][\/vc_row]<\/p>\n<\/div>","protected":false},"excerpt":{"rendered":"<p>Our consultants and trainers team combines expert knowledge from different areas in order to combine the necessary skills depending on the project .<\/p>\n","protected":false},"author":4,"featured_media":1745,"parent":489,"menu_order":2,"comment_status":"closed","ping_status":"closed","template":"","meta":{"_acf_changed":false,"footnotes":""},"categories":[],"tags":[],"class_list":["post-921","page","type-page","status-publish","has-post-thumbnail","hentry","entry"],"acf":[],"yoast_head":"<!-- This site is optimized with the Yoast SEO plugin v27.5 - https:\/\/yoast.com\/product\/yoast-seo-wordpress\/ -->\n<title>Consultant Network - Futurepace<\/title>\n<meta name=\"robots\" content=\"index, follow, max-snippet:-1, max-image-preview:large, max-video-preview:-1\" \/>\n<link rel=\"canonical\" href=\"https:\/\/www.futurepace.de\/en\/ueber-uns\/team\/\" \/>\n<meta property=\"og:locale\" content=\"en_US\" \/>\n<meta property=\"og:type\" content=\"article\" \/>\n<meta property=\"og:title\" content=\"[:de]Berater-Netzwerk[:en]Consultant Network[:] - Futurepace\" \/>\n<meta property=\"og:description\" content=\"[:de]Unser Berater- und Trainerteam b\u00fcndelt Experten-wissen aus unterschiedlichen Bereichen, um die ben\u00f6tigten Kompetenzen je nach Projekt zu vereinen.[:en]Our consultants and trainers team combines expert knowledge from different areas in order to combine the necessary skills depending on the project .[:]\" \/>\n<meta property=\"og:url\" content=\"https:\/\/www.futurepace.de\/en\/ueber-uns\/team\/\" \/>\n<meta property=\"og:site_name\" content=\"Futurepace\" \/>\n<meta property=\"article:modified_time\" content=\"2019-07-09T19:33:09+00:00\" \/>\n<meta property=\"og:image\" content=\"https:\/\/www.futurepace.de\/wp-content\/uploads\/2018\/07\/team-2018.jpg\" \/>\n\t<meta property=\"og:image:width\" content=\"768\" \/>\n\t<meta property=\"og:image:height\" content=\"910\" \/>\n\t<meta property=\"og:image:type\" content=\"image\/jpeg\" \/>\n<meta name=\"twitter:card\" content=\"summary_large_image\" \/>\n<meta name=\"twitter:label1\" content=\"Est. reading time\" \/>\n\t<meta name=\"twitter:data1\" content=\"11 minutes\" \/>\n<script type=\"application\/ld+json\" class=\"yoast-schema-graph\">{\"@context\":\"https:\\\/\\\/schema.org\",\"@graph\":[{\"@type\":\"WebPage\",\"@id\":\"https:\\\/\\\/www.futurepace.de\\\/en\\\/ueber-uns\\\/team\\\/\",\"url\":\"https:\\\/\\\/www.futurepace.de\\\/en\\\/ueber-uns\\\/team\\\/\",\"name\":\"[:de]Berater-Netzwerk[:en]Consultant Network[:] - Futurepace\",\"isPartOf\":{\"@id\":\"https:\\\/\\\/www.futurepace.de\\\/#website\"},\"primaryImageOfPage\":{\"@id\":\"https:\\\/\\\/www.futurepace.de\\\/en\\\/ueber-uns\\\/team\\\/#primaryimage\"},\"image\":{\"@id\":\"https:\\\/\\\/www.futurepace.de\\\/en\\\/ueber-uns\\\/team\\\/#primaryimage\"},\"thumbnailUrl\":\"https:\\\/\\\/www.futurepace.de\\\/wp-content\\\/uploads\\\/2018\\\/07\\\/team-2018.jpg\",\"datePublished\":\"2015-09-07T14:21:01+00:00\",\"dateModified\":\"2019-07-09T19:33:09+00:00\",\"breadcrumb\":{\"@id\":\"https:\\\/\\\/www.futurepace.de\\\/en\\\/ueber-uns\\\/team\\\/#breadcrumb\"},\"inLanguage\":\"en-US\",\"potentialAction\":[{\"@type\":\"ReadAction\",\"target\":[\"https:\\\/\\\/www.futurepace.de\\\/en\\\/ueber-uns\\\/team\\\/\"]}]},{\"@type\":\"ImageObject\",\"inLanguage\":\"en-US\",\"@id\":\"https:\\\/\\\/www.futurepace.de\\\/en\\\/ueber-uns\\\/team\\\/#primaryimage\",\"url\":\"https:\\\/\\\/www.futurepace.de\\\/wp-content\\\/uploads\\\/2018\\\/07\\\/team-2018.jpg\",\"contentUrl\":\"https:\\\/\\\/www.futurepace.de\\\/wp-content\\\/uploads\\\/2018\\\/07\\\/team-2018.jpg\",\"width\":768,\"height\":910},{\"@type\":\"BreadcrumbList\",\"@id\":\"https:\\\/\\\/www.futurepace.de\\\/en\\\/ueber-uns\\\/team\\\/#breadcrumb\",\"itemListElement\":[{\"@type\":\"ListItem\",\"position\":1,\"name\":\"Startseite\",\"item\":\"https:\\\/\\\/www.futurepace.de\\\/\"},{\"@type\":\"ListItem\",\"position\":2,\"name\":\"\u00dcber uns\",\"item\":\"https:\\\/\\\/www.futurepace.de\\\/ueber-uns\\\/\"},{\"@type\":\"ListItem\",\"position\":3,\"name\":\"Consultant Network\"}]},{\"@type\":\"WebSite\",\"@id\":\"https:\\\/\\\/www.futurepace.de\\\/#website\",\"url\":\"https:\\\/\\\/www.futurepace.de\\\/\",\"name\":\"Futurepace\",\"description\":\"Consulting GmbH\",\"potentialAction\":[{\"@type\":\"SearchAction\",\"target\":{\"@type\":\"EntryPoint\",\"urlTemplate\":\"https:\\\/\\\/www.futurepace.de\\\/?s={search_term_string}\"},\"query-input\":{\"@type\":\"PropertyValueSpecification\",\"valueRequired\":true,\"valueName\":\"search_term_string\"}}],\"inLanguage\":\"en-US\"}]}<\/script>\n<!-- \/ Yoast SEO plugin. -->","yoast_head_json":{"title":"[:de]Berater-Netzwerk[:en]Consultant Network[:] - Futurepace","robots":{"index":"index","follow":"follow","max-snippet":"max-snippet:-1","max-image-preview":"max-image-preview:large","max-video-preview":"max-video-preview:-1"},"canonical":"https:\/\/www.futurepace.de\/en\/ueber-uns\/team\/","og_locale":"en_US","og_type":"article","og_title":"[:de]Berater-Netzwerk[:en]Consultant Network[:] - Futurepace","og_description":"[:de]Unser Berater- und Trainerteam b\u00fcndelt Experten-wissen aus unterschiedlichen Bereichen, um die ben\u00f6tigten Kompetenzen je nach Projekt zu vereinen.[:en]Our consultants and trainers team combines expert knowledge from different areas in order to combine the necessary skills depending on the project .[:]","og_url":"https:\/\/www.futurepace.de\/en\/ueber-uns\/team\/","og_site_name":"Futurepace","article_modified_time":"2019-07-09T19:33:09+00:00","og_image":[{"width":768,"height":910,"url":"https:\/\/www.futurepace.de\/wp-content\/uploads\/2018\/07\/team-2018.jpg","type":"image\/jpeg"}],"twitter_card":"summary_large_image","twitter_misc":{"Est. reading time":"11 minutes"},"schema":{"@context":"https:\/\/schema.org","@graph":[{"@type":"WebPage","@id":"https:\/\/www.futurepace.de\/en\/ueber-uns\/team\/","url":"https:\/\/www.futurepace.de\/en\/ueber-uns\/team\/","name":"[:de]Berater-Netzwerk[:en]Consultant Network[:] - Futurepace","isPartOf":{"@id":"https:\/\/www.futurepace.de\/#website"},"primaryImageOfPage":{"@id":"https:\/\/www.futurepace.de\/en\/ueber-uns\/team\/#primaryimage"},"image":{"@id":"https:\/\/www.futurepace.de\/en\/ueber-uns\/team\/#primaryimage"},"thumbnailUrl":"https:\/\/www.futurepace.de\/wp-content\/uploads\/2018\/07\/team-2018.jpg","datePublished":"2015-09-07T14:21:01+00:00","dateModified":"2019-07-09T19:33:09+00:00","breadcrumb":{"@id":"https:\/\/www.futurepace.de\/en\/ueber-uns\/team\/#breadcrumb"},"inLanguage":"en-US","potentialAction":[{"@type":"ReadAction","target":["https:\/\/www.futurepace.de\/en\/ueber-uns\/team\/"]}]},{"@type":"ImageObject","inLanguage":"en-US","@id":"https:\/\/www.futurepace.de\/en\/ueber-uns\/team\/#primaryimage","url":"https:\/\/www.futurepace.de\/wp-content\/uploads\/2018\/07\/team-2018.jpg","contentUrl":"https:\/\/www.futurepace.de\/wp-content\/uploads\/2018\/07\/team-2018.jpg","width":768,"height":910},{"@type":"BreadcrumbList","@id":"https:\/\/www.futurepace.de\/en\/ueber-uns\/team\/#breadcrumb","itemListElement":[{"@type":"ListItem","position":1,"name":"Startseite","item":"https:\/\/www.futurepace.de\/"},{"@type":"ListItem","position":2,"name":"\u00dcber uns","item":"https:\/\/www.futurepace.de\/ueber-uns\/"},{"@type":"ListItem","position":3,"name":"Consultant Network"}]},{"@type":"WebSite","@id":"https:\/\/www.futurepace.de\/#website","url":"https:\/\/www.futurepace.de\/","name":"Futurepace","description":"Consulting GmbH","potentialAction":[{"@type":"SearchAction","target":{"@type":"EntryPoint","urlTemplate":"https:\/\/www.futurepace.de\/?s={search_term_string}"},"query-input":{"@type":"PropertyValueSpecification","valueRequired":true,"valueName":"search_term_string"}}],"inLanguage":"en-US"}]}},"_links":{"self":[{"href":"https:\/\/www.futurepace.de\/en\/wp-json\/wp\/v2\/pages\/921","targetHints":{"allow":["GET"]}}],"collection":[{"href":"https:\/\/www.futurepace.de\/en\/wp-json\/wp\/v2\/pages"}],"about":[{"href":"https:\/\/www.futurepace.de\/en\/wp-json\/wp\/v2\/types\/page"}],"author":[{"embeddable":true,"href":"https:\/\/www.futurepace.de\/en\/wp-json\/wp\/v2\/users\/4"}],"replies":[{"embeddable":true,"href":"https:\/\/www.futurepace.de\/en\/wp-json\/wp\/v2\/comments?post=921"}],"version-history":[{"count":0,"href":"https:\/\/www.futurepace.de\/en\/wp-json\/wp\/v2\/pages\/921\/revisions"}],"up":[{"embeddable":true,"href":"https:\/\/www.futurepace.de\/en\/wp-json\/wp\/v2\/pages\/489"}],"wp:featuredmedia":[{"embeddable":true,"href":"https:\/\/www.futurepace.de\/en\/wp-json\/wp\/v2\/media\/1745"}],"wp:attachment":[{"href":"https:\/\/www.futurepace.de\/en\/wp-json\/wp\/v2\/media?parent=921"}],"wp:term":[{"taxonomy":"category","embeddable":true,"href":"https:\/\/www.futurepace.de\/en\/wp-json\/wp\/v2\/categories?post=921"},{"taxonomy":"post_tag","embeddable":true,"href":"https:\/\/www.futurepace.de\/en\/wp-json\/wp\/v2\/tags?post=921"}],"curies":[{"name":"wp","href":"https:\/\/api.w.org\/{rel}","templated":true}]}}